{"id":166,"date":"2024-07-02T17:06:32","date_gmt":"2024-07-02T15:06:32","guid":{"rendered":"http:\/\/centrum-medyczne.com\/?page_id=166"},"modified":"2024-07-02T18:49:14","modified_gmt":"2024-07-02T16:49:14","slug":"umow-wizyte","status":"publish","type":"page","link":"https:\/\/centrum-medyczne.com\/?page_id=166","title":{"rendered":"Um\u00f3w Wizyt\u0119"},"content":{"rendered":"\t\t<div data-elementor-type=\"wp-page\" data-elementor-id=\"166\" class=\"elementor elementor-166\">\n\t\t\t\t<div class=\"elementor-element elementor-element-c7e905c e-flex e-con-boxed e-con e-parent\" data-id=\"c7e905c\" data-element_type=\"container\" data-e-type=\"container\">\n\t\t\t\t\t<div class=\"e-con-inner\">\n\t\t\t\t<div class=\"elementor-element elementor-element-03a7a9c elementor-widget elementor-widget-html\" data-id=\"03a7a9c\" data-element_type=\"widget\" data-e-type=\"widget\" data-widget_type=\"html.default\">\n\t\t\t\t<div class=\"elementor-widget-container\">\n\t\t\t\t\t<script>\r\n    const mydrScript = document.getElementsByTagName('script')[0];\r\n    const js = document.createElement('script');\r\n    js.src = 'https:\/\/mydr.pl\/static\/mydr-pp.min.js';\r\n    mydrScript.parentNode.insertBefore(js, mydrScript);\r\n\r\n    js.onload = () => {\r\n        const PatientsPlugin = new window.PatientsPlugin();\r\n        PatientsPlugin.init({\r\n            app: 'https:\/\/mydr.pl\/patients_plugin',\r\n            plugin: 'https:\/\/mydr.pl\/static',\r\n        });\r\n    };\r\n<\/script>\t\t\t\t<\/div>\n\t\t\t\t<\/div>\n\t\t\t\t\t<\/div>\n\t\t\t\t<\/div>\n\t\t<div class=\"elementor-element elementor-element-f16761b e-flex e-con-boxed e-con e-parent\" data-id=\"f16761b\" data-element_type=\"container\" data-e-type=\"container\">\n\t\t\t\t\t<div class=\"e-con-inner\">\n\t\t\t\t<div class=\"elementor-element elementor-element-bc398d4 elementor-widget elementor-widget-html\" data-id=\"bc398d4\" data-element_type=\"widget\" data-e-type=\"widget\" data-widget_type=\"html.default\">\n\t\t\t\t<div class=\"elementor-widget-container\">\n\t\t\t\t\t<button\r\n    class=\"btn-mydr-pp\"\r\n    data-doctor=\"\"\r\n    data-speciality=\"\"\r\n    data-visitkind=\"\"\r\n    data-evisit=\"true\"\r\n    data-appname=\"drw\"\r\n    data-token=\"eyJhbGciOiJIUzI1NiIsInR5cCI6IkpXVCJ9.eyJmYWNpbGl0eV9pZCI6MjUzNTJ9.Yc-AEfuMonLuhaki0sLgoK69Hm2AjCs9RS8PObxY_So\"\r\n>\r\n<\/button>\t\t\t\t<\/div>\n\t\t\t\t<\/div>\n\t\t\t\t\t<\/div>\n\t\t\t\t<\/div>\n\t\t\t\t<\/div>\n\t\t","protected":false},"excerpt":{"rendered":"","protected":false},"author":1,"featured_media":0,"parent":0,"menu_order":0,"comment_status":"closed","ping_status":"closed","template":"page-templates\/full-width-page.php","meta":{"_acf_changed":false,"footnotes":""},"class_list":["post-166","page","type-page","status-publish","hentry"],"acf":[],"yoast_head":"<!-- This site is optimized with the Yoast SEO plugin v27.2 - https:\/\/yoast.com\/product\/yoast-seo-wordpress\/ -->\n<title>Um\u00f3w Wizyt\u0119 - Centrum Medyczne Wroc\u0142aw<\/title>\n<meta name=\"robots\" content=\"index, follow, max-snippet:-1, max-image-preview:large, max-video-preview:-1\" \/>\n<link rel=\"canonical\" href=\"https:\/\/centrum-medyczne.com\/?page_id=166\" \/>\n<meta property=\"og:locale\" content=\"pl_PL\" \/>\n<meta property=\"og:type\" content=\"article\" \/>\n<meta property=\"og:title\" content=\"Um\u00f3w Wizyt\u0119 - Centrum Medyczne Wroc\u0142aw\" \/>\n<meta property=\"og:url\" content=\"https:\/\/centrum-medyczne.com\/?page_id=166\" \/>\n<meta property=\"og:site_name\" content=\"Centrum Medyczne Wroc\u0142aw\" \/>\n<meta property=\"article:modified_time\" content=\"2024-07-02T16:49:14+00:00\" \/>\n<meta name=\"twitter:card\" content=\"summary_large_image\" \/>\n<script type=\"application\/ld+json\" class=\"yoast-schema-graph\">{\"@context\":\"https:\/\/schema.org\",\"@graph\":[{\"@type\":\"WebPage\",\"@id\":\"https:\/\/centrum-medyczne.com\/?page_id=166\",\"url\":\"https:\/\/centrum-medyczne.com\/?page_id=166\",\"name\":\"Um\u00f3w Wizyt\u0119 - Centrum Medyczne Wroc\u0142aw\",\"isPartOf\":{\"@id\":\"https:\/\/centrum-medyczne.com\/#website\"},\"datePublished\":\"2024-07-02T15:06:32+00:00\",\"dateModified\":\"2024-07-02T16:49:14+00:00\",\"breadcrumb\":{\"@id\":\"https:\/\/centrum-medyczne.com\/?page_id=166#breadcrumb\"},\"inLanguage\":\"pl-PL\",\"potentialAction\":[{\"@type\":\"ReadAction\",\"target\":[\"https:\/\/centrum-medyczne.com\/?page_id=166\"]}]},{\"@type\":\"BreadcrumbList\",\"@id\":\"https:\/\/centrum-medyczne.com\/?page_id=166#breadcrumb\",\"itemListElement\":[{\"@type\":\"ListItem\",\"position\":1,\"name\":\"Home\",\"item\":\"https:\/\/centrum-medyczne.com\/\"},{\"@type\":\"ListItem\",\"position\":2,\"name\":\"Um\u00f3w Wizyt\u0119\"}]},{\"@type\":\"WebSite\",\"@id\":\"https:\/\/centrum-medyczne.com\/#website\",\"url\":\"https:\/\/centrum-medyczne.com\/\",\"name\":\"Centrum Medyczne Wroc\u0142aw\",\"description\":\"\",\"potentialAction\":[{\"@type\":\"SearchAction\",\"target\":{\"@type\":\"EntryPoint\",\"urlTemplate\":\"https:\/\/centrum-medyczne.com\/?s={search_term_string}\"},\"query-input\":{\"@type\":\"PropertyValueSpecification\",\"valueRequired\":true,\"valueName\":\"search_term_string\"}}],\"inLanguage\":\"pl-PL\"}]}<\/script>\n<!-- \/ Yoast SEO plugin. -->","yoast_head_json":{"title":"Um\u00f3w Wizyt\u0119 - Centrum Medyczne Wroc\u0142aw","robots":{"index":"index","follow":"follow","max-snippet":"max-snippet:-1","max-image-preview":"max-image-preview:large","max-video-preview":"max-video-preview:-1"},"canonical":"https:\/\/centrum-medyczne.com\/?page_id=166","og_locale":"pl_PL","og_type":"article","og_title":"Um\u00f3w Wizyt\u0119 - Centrum Medyczne Wroc\u0142aw","og_url":"https:\/\/centrum-medyczne.com\/?page_id=166","og_site_name":"Centrum Medyczne Wroc\u0142aw","article_modified_time":"2024-07-02T16:49:14+00:00","twitter_card":"summary_large_image","schema":{"@context":"https:\/\/schema.org","@graph":[{"@type":"WebPage","@id":"https:\/\/centrum-medyczne.com\/?page_id=166","url":"https:\/\/centrum-medyczne.com\/?page_id=166","name":"Um\u00f3w Wizyt\u0119 - Centrum Medyczne Wroc\u0142aw","isPartOf":{"@id":"https:\/\/centrum-medyczne.com\/#website"},"datePublished":"2024-07-02T15:06:32+00:00","dateModified":"2024-07-02T16:49:14+00:00","breadcrumb":{"@id":"https:\/\/centrum-medyczne.com\/?page_id=166#breadcrumb"},"inLanguage":"pl-PL","potentialAction":[{"@type":"ReadAction","target":["https:\/\/centrum-medyczne.com\/?page_id=166"]}]},{"@type":"BreadcrumbList","@id":"https:\/\/centrum-medyczne.com\/?page_id=166#breadcrumb","itemListElement":[{"@type":"ListItem","position":1,"name":"Home","item":"https:\/\/centrum-medyczne.com\/"},{"@type":"ListItem","position":2,"name":"Um\u00f3w Wizyt\u0119"}]},{"@type":"WebSite","@id":"https:\/\/centrum-medyczne.com\/#website","url":"https:\/\/centrum-medyczne.com\/","name":"Centrum Medyczne Wroc\u0142aw","description":"","potentialAction":[{"@type":"SearchAction","target":{"@type":"EntryPoint","urlTemplate":"https:\/\/centrum-medyczne.com\/?s={search_term_string}"},"query-input":{"@type":"PropertyValueSpecification","valueRequired":true,"valueName":"search_term_string"}}],"inLanguage":"pl-PL"}]}},"_links":{"self":[{"href":"https:\/\/centrum-medyczne.com\/index.php?rest_route=\/wp\/v2\/pages\/166","targetHints":{"allow":["GET"]}}],"collection":[{"href":"https:\/\/centrum-medyczne.com\/index.php?rest_route=\/wp\/v2\/pages"}],"about":[{"href":"https:\/\/centrum-medyczne.com\/index.php?rest_route=\/wp\/v2\/types\/page"}],"author":[{"embeddable":true,"href":"https:\/\/centrum-medyczne.com\/index.php?rest_route=\/wp\/v2\/users\/1"}],"replies":[{"embeddable":true,"href":"https:\/\/centrum-medyczne.com\/index.php?rest_route=%2Fwp%2Fv2%2Fcomments&post=166"}],"version-history":[{"count":18,"href":"https:\/\/centrum-medyczne.com\/index.php?rest_route=\/wp\/v2\/pages\/166\/revisions"}],"predecessor-version":[{"id":330,"href":"https:\/\/centrum-medyczne.com\/index.php?rest_route=\/wp\/v2\/pages\/166\/revisions\/330"}],"wp:attachment":[{"href":"https:\/\/centrum-medyczne.com\/index.php?rest_route=%2Fwp%2Fv2%2Fmedia&parent=166"}],"curies":[{"name":"wp","href":"https:\/\/api.w.org\/{rel}","templated":true}]}}