{"id":365,"date":"2025-08-25T22:29:54","date_gmt":"2025-08-25T20:29:54","guid":{"rendered":"https:\/\/centrum-medyczne.com\/?page_id=365"},"modified":"2025-08-26T12:31:06","modified_gmt":"2025-08-26T10:31:06","slug":"elementor-365","status":"publish","type":"page","link":"https:\/\/centrum-medyczne.com\/?page_id=365","title":{"rendered":"Specjalizacje"},"content":{"rendered":"\t\t<div data-elementor-type=\"wp-page\" data-elementor-id=\"365\" class=\"elementor elementor-365\">\n\t\t\t\t<div class=\"elementor-element elementor-element-4786a10 e-flex e-con-boxed e-con e-parent\" data-id=\"4786a10\" data-element_type=\"container\" data-e-type=\"container\">\n\t\t\t\t\t<div class=\"e-con-inner\">\n\t\t\t\t<div class=\"elementor-element elementor-element-229a925 elementor-widget elementor-widget-html\" data-id=\"229a925\" data-element_type=\"widget\" data-e-type=\"widget\" data-widget_type=\"html.default\">\n\t\t\t\t<div class=\"elementor-widget-container\">\n\t\t\t\t\t<!DOCTYPE html>\r\n<html lang=\"pl\">\r\n<head>\r\n<meta charset=\"UTF-8\">\r\n<meta name=\"viewport\" content=\"width=device-width, initial-scale=1.0\">\r\n<title>Modal Services<\/title>\r\n<style>\r\n\/* Grid us\u0142ug *\/\r\n.services-grid {\r\n  display: grid;\r\n  grid-template-columns: repeat(auto-fit, minmax(220px, 1fr));\r\n  gap: 20px;\r\n  margin: 30px 0;\r\n}\r\n\r\n.service-card {\r\n  position: relative;\r\n  overflow: hidden;\r\n  border-radius: 12px;\r\n  box-shadow: 0 4px 12px rgba(0,0,0,0.1);\r\n  cursor: pointer;\r\n  transition: transform 0.3s ease, box-shadow 0.3s ease;\r\n  text-decoration: none;\r\n}\r\n\r\n.service-card:hover {\r\n  transform: translateY(-5px);\r\n  box-shadow: 0 6px 16px rgba(0,0,0,0.15);\r\n}\r\n\r\n.service-card img {\r\n  width: 100%;\r\n  height: 240px;\r\n  object-fit: cover;\r\n  display: block;\r\n}\r\n\r\n.service-title {\r\n  position: absolute;\r\n  bottom: 0;\r\n  width: 100%;\r\n  background: #00AEEF;\r\n  color: #fff;\r\n  text-align: center;\r\n  padding: 12px 8px;\r\n  font-size: 15px;\r\n  font-weight: 600;\r\n  text-transform: uppercase;\r\n  min-height: 60px;\r\n  display: flex;\r\n  align-items: center;\r\n  justify-content: center;\r\n  line-height: 1.3;\r\n}\r\n\r\n\/* Modal overlay *\/\r\n.modal {\r\n  display: none;\r\n  position: fixed;\r\n  z-index: 9999;\r\n  left: 0;\r\n  top: 0;\r\n  width: 100%;\r\n  height: 100%;\r\n  background: rgba(0,0,0,0.6);\r\n}\r\n\r\n\/* Slide-in modal from right *\/\r\n.modal-content {\r\n  position: fixed;\r\n  top: calc(var(--menu-height, 80px) + 30px);\r\n  right: -100%;\r\n  height: calc(100% - var(--menu-height, 80px) - 30px);\r\n  width: 400px;\r\n  max-width: 90%;\r\n  background: #fff;\r\n  overflow-y: auto;\r\n  transition: right 0.3s ease;\r\n  padding: 20px;\r\n  box-shadow: -4px 0 12px rgba(0,0,0,0.2);\r\n  z-index: 10000;\r\n  border-top-left-radius: 10px;\r\n  border-bottom-left-radius: 10px;\r\n}\r\n\r\n.modal-body {\r\n  max-width: 80%;\r\n  margin: 0 auto;\r\n}\r\n\r\n.modal-body img {\r\n  width: 100%;\r\n  height: auto;\r\n  display: block;\r\n  margin-bottom: 20px;\r\n  border-radius: 8px;\r\n}\r\n\r\n.modal-body h2 {\r\n  margin-top: 0;\r\n}\r\n\r\n.modal-body h3 {\r\n  margin-bottom: 5px;\r\n}\r\n\r\n.modal.show .modal-content {\r\n  right: 0;\r\n}\r\n\r\n.close {\r\n  position: absolute;\r\n  top: 15px;\r\n  right: 15px;\r\n  font-size: 24px;\r\n  cursor: pointer;\r\n}\r\n\r\n\/* Responsywno\u015b\u0107 *\/\r\n@media (max-width: 768px) {\r\n  .modal-content {\r\n    width: 90%;\r\n    top: calc(60px + 30px);\r\n    height: calc(100% - 60px - 30px);\r\n  }\r\n  .modal-body {\r\n    max-width: 100%;\r\n  }\r\n}\r\n<\/style>\r\n<\/head>\r\n<body>\r\n\r\n<!-- Grid us\u0142ug -->\r\n<div class=\"services-grid\">\r\n  <div class=\"service-card\" onclick=\"openModal('modal1')\">\r\n    <img decoding=\"async\" src=\"https:\/\/centrum-medyczne.com\/wp-content\/uploads\/2025\/08\/terapia-indywidualna.png\" alt=\"Psychoterapia indywidualna\">\r\n    <div class=\"service-title\">Psychoterapia indywidualna<\/div>\r\n  <\/div>\r\n  <div class=\"service-card\" onclick=\"openModal('modal2')\">\r\n    <img decoding=\"async\" src=\"https:\/\/centrum-medyczne.com\/wp-content\/uploads\/2025\/08\/terapia-dzieci.png\" alt=\"Psychoterapia dzieci i m\u0142odzie\u017cy\">\r\n    <div class=\"service-title\">Psychoterapia dzieci i m\u0142odzie\u017cy<\/div>\r\n  <\/div>\r\n  <div class=\"service-card\" onclick=\"openModal('modal3')\">\r\n    <img decoding=\"async\" src=\"https:\/\/centrum-medyczne.com\/wp-content\/uploads\/2025\/08\/people-meeting-community-center-scaled.jpg\" alt=\"Terapia Par\">\r\n    <div class=\"service-title\">Terapia Par<\/div>\r\n  <\/div>\r\n  <div class=\"service-card\" onclick=\"openModal('modal4')\">\r\n    <img decoding=\"async\" src=\"https:\/\/centrum-medyczne.com\/wp-content\/uploads\/2025\/08\/terapia-rodzinna.png\" alt=\"Terapia rodzinna\">\r\n    <div class=\"service-title\">Terapia rodzinna<\/div>\r\n  <\/div>\r\n  <div class=\"service-card\" onclick=\"openModal('modal5')\">\r\n    <img decoding=\"async\" src=\"https:\/\/centrum-medyczne.com\/wp-content\/uploads\/2025\/08\/mlodzie.png\" alt=\"Terapia zaj\u0119ciowa\">\r\n    <div class=\"service-title\">Terapia zaj\u0119ciowa dla dzieci i m\u0142odzie\u017cy<\/div>\r\n  <\/div>\r\n  <div class=\"service-card\" onclick=\"openModal('modal6')\">\r\n    <img decoding=\"async\" src=\"https:\/\/centrum-medyczne.com\/wp-content\/uploads\/2025\/08\/tematyczne.png\" alt=\"Specjalizacje tematyczne\">\r\n    <div class=\"service-title\">Specjalizacje tematyczne<\/div>\r\n  <\/div>\r\n  <div class=\"service-card\" onclick=\"openModal('modal7')\">\r\n    <img decoding=\"async\" src=\"https:\/\/centrum-medyczne.com\/wp-content\/uploads\/2025\/08\/emdr.png\" alt=\"Terapia EMDR\">\r\n    <div class=\"service-title\">Terapia EMDR<\/div>\r\n  <\/div>\r\n  <div class=\"service-card\" onclick=\"openModal('modal8')\">\r\n    <img decoding=\"async\" src=\"https:\/\/centrum-medyczne.com\/wp-content\/uploads\/2025\/08\/close-up-people-group-therapy-scaled.jpg\" alt=\"Psychoterapia grupowa\">\r\n    <div class=\"service-title\">Psychoterapia grupowa<\/div>\r\n  <\/div>\r\n<\/div>\r\n\r\n<!-- Modale (1\u20137) -->\r\n<div id=\"modal1\" class=\"modal\">\r\n  <div class=\"modal-content\">\r\n    <span class=\"close\" onclick=\"closeModal('modal1')\">&times;<\/span>\r\n    <div class=\"modal-body\">\r\n      <h4>Psychoterapia indywidualna<\/h4>\r\n      <img decoding=\"async\" src=\"https:\/\/centrum-medyczne.com\/wp-content\/uploads\/2025\/08\/terapia-indywidualna.png\" alt=\"\">\r\n      <h4>Opis us\u0142ugi<\/h4>\r\n      <p>Naszym celem jest dostarczenie przestrzeni do wyra\u017cenia swoich my\u015bli, uczu\u0107 i obaw. Nasi psychoterapeuci pracuj\u0105 z Tob\u0105 nad rozwi\u0105zywaniem problem\u00f3w i osi\u0105ganiem r\u00f3wnowagi emocjonalnej.<\/p>\r\n      <h4>Dla kogo?<\/h4>\r\n      <p>Dla os\u00f3b doros\u0142ych, kt\u00f3re chc\u0105 lepiej zrozumie\u0107 siebie i poprawi\u0107 jako\u015b\u0107 \u017cycia.<\/p>\r\n    <\/div>\r\n  <\/div>\r\n<\/div>\r\n\r\n<div id=\"modal2\" class=\"modal\">\r\n  <div class=\"modal-content\">\r\n    <span class=\"close\" onclick=\"closeModal('modal2')\">&times;<\/span>\r\n    <div class=\"modal-body\">\r\n      <h4>Psychoterapia dzieci i m\u0142odzie\u017cy<\/h4>\r\n      <img decoding=\"async\" src=\"https:\/\/centrum-medyczne.com\/wp-content\/uploads\/2025\/08\/terapia-dzieci.png\" alt=\"\">\r\n      <h4>Opis us\u0142ugi<\/h4>\r\n      <p>Terapia dostosowana do wieku i potrzeb dzieci oraz nastolatk\u00f3w.<\/p>\r\n      <h4>Dla kogo?<\/h4>\r\n      <p>Dla dzieci i m\u0142odzie\u017cy w wieku szkolnym, kt\u00f3re potrzebuj\u0105 wsparcia emocjonalnego.<\/p>\r\n    <\/div>\r\n  <\/div>\r\n<\/div>\r\n\r\n<div id=\"modal3\" class=\"modal\">\r\n   <div class=\"modal-content\">\r\n    <span class=\"close\" onclick=\"closeModal('modal3')\">&times;<\/span>\r\n    <div class=\"modal-body\">\r\n      <h4>Terapia rodzinna<\/h4>\r\n      <img decoding=\"async\" src=\"https:\/\/centrum-medyczne.com\/wp-content\/uploads\/2025\/08\/people-meeting-community-center-scaled.jpg\" alt=\"\">\r\n      <h4>Opis us\u0142ugi<\/h4>\r\n      <p>Terapia ukierunkowana na popraw\u0119 komunikacji i rozwi\u0105zywanie konflikt\u00f3w w relacji partnerskiej<\/p>\r\n      <h4>Dla kogo?<\/h4>\r\n      <p>Dla par, kt\u00f3re chc\u0105 poprawi\u0107 jako\u015b\u0107 zwi\u0105zku lub przechodz\u0105 kryzys.<\/p>\r\n    <\/div>\r\n   <\/div>\r\n<\/div>\r\n\r\n<div id=\"modal4\" class=\"modal\">\r\n  <div class=\"modal-content\">\r\n    <span class=\"close\" onclick=\"closeModal('modal3')\">&times;<\/span>\r\n    <div class=\"modal-body\">\r\n      <h4>Terapia rodzinna<\/h4>\r\n      <img decoding=\"async\" src=\"https:\/\/centrum-medyczne.com\/wp-content\/uploads\/2025\/08\/terapia-rodzinna.png\" alt=\"\">\r\n      <h4>Opis us\u0142ugi<\/h4>\r\n      <p>Wsp\u00f3lna praca z ca\u0142\u0105 rodzin\u0105 nad popraw\u0105 komunikacji, rozwi\u0105zywaniem konflikt\u00f3w oraz wzmacnianiem wi\u0119zi.<\/p>\r\n      <h4>Dla kogo?<\/h4>\r\n      <p>Dla rodzin prze\u017cywaj\u0105cych trudno\u015bci wychowawcze, kryzysy lub konflikty mi\u0119dzypokoleniowe.<\/p>\r\n    <\/div>\r\n  <\/div>\r\n<\/div>\r\n\r\n<div id=\"modal5\" class=\"modal\">\r\n  <div class=\"modal-content\">\r\n    <span class=\"close\" onclick=\"closeModal('modal4')\">&times;<\/span>\r\n    <div class=\"modal-body\">\r\n      <h4>Terapia zaj\u0119ciowa dla dzieci i m\u0142odzie\u017cy<\/h4>\r\n      <img decoding=\"async\" src=\"https:\/\/centrum-medyczne.com\/wp-content\/uploads\/2025\/08\/mlodzie.png\" alt=\"\">\r\n      <h4>Opis us\u0142ugi<\/h4>\r\n      <p>Zaj\u0119cia wspieraj\u0105ce rozw\u00f3j spo\u0142eczny, emocjonalny i manualny dzieci oraz m\u0142odzie\u017cy poprzez aktywno\u015b\u0107 praktyczn\u0105.<\/p>\r\n      <h4>Dla kogo?<\/h4>\r\n      <p>Dla dzieci i m\u0142odzie\u017cy potrzebuj\u0105cych wsparcia w rozwoju i codziennym funkcjonowaniu.<\/p>\r\n    <\/div>\r\n  <\/div>\r\n<\/div>\r\n\r\n<div id=\"modal6\" class=\"modal\">\r\n  <div class=\"modal-content\">\r\n    <span class=\"close\" onclick=\"closeModal('modal5')\">&times;<\/span>\r\n    <div class=\"modal-body\">\r\n      <h4>Specjalizacje tematyczne<\/h4>\r\n      <img decoding=\"async\" src=\"https:\/\/centrum-medyczne.com\/wp-content\/uploads\/2025\/08\/tematyczne.png\" alt=\"\">\r\n      <h4>Opis us\u0142ugi<\/h4>\r\n      <p>Specjalistyczne terapie ukierunkowane na konkretne problemy, takie jak uzale\u017cnienia, zaburzenia l\u0119kowe czy trauma.<\/p>\r\n      <h4>Dla kogo?<\/h4>\r\n      <p>Dla os\u00f3b potrzebuj\u0105cych wsparcia w obszarach wymagaj\u0105cych szczeg\u00f3lnej wiedzy terapeutycznej.<\/p>\r\n    <\/div>\r\n  <\/div>\r\n<\/div>\r\n\r\n<div id=\"modal7\" class=\"modal\">\r\n  <div class=\"modal-content\">\r\n    <span class=\"close\" onclick=\"closeModal('modal6')\">&times;<\/span>\r\n    <div class=\"modal-body\">\r\n      <h4>Terapia EMDR<\/h4>\r\n      <img decoding=\"async\" src=\"https:\/\/centrum-medyczne.com\/wp-content\/uploads\/2025\/08\/emdr.png\" alt=\"\">\r\n      <h4>Opis us\u0142ugi<\/h4>\r\n      <p>Metoda terapeutyczna stosowana w leczeniu traum i stresu pourazowego poprzez prac\u0119 z pami\u0119ci\u0105 i przetwarzaniem informacji.<\/p>\r\n      <h4>Dla kogo?<\/h4>\r\n      <p>Dla os\u00f3b po do\u015bwiadczeniach traumatycznych, zmagaj\u0105cych si\u0119 z PTSD, l\u0119kiem czy silnym stresem.<\/p>\r\n    <\/div>\r\n  <\/div>\r\n<\/div>\r\n\r\n<div id=\"modal8\" class=\"modal\">\r\n  <div class=\"modal-content\">\r\n    <span class=\"close\" onclick=\"closeModal('modal7')\">&times;<\/span>\r\n    <div class=\"modal-body\">\r\n      <h4>Psychoterapia grupowa<\/h4>\r\n      <img decoding=\"async\" src=\"https:\/\/centrum-medyczne.com\/wp-content\/uploads\/2025\/08\/close-up-people-group-therapy-scaled.jpg\" alt=\"\">\r\n      <h4>Opis us\u0142ugi<\/h4>\r\n      <p>Spotkania w grupie, kt\u00f3re daj\u0105 mo\u017cliwo\u015b\u0107 wymiany do\u015bwiadcze\u0144, uczenia si\u0119 od innych i wsp\u00f3lnego przechodzenia przez trudno\u015bci.<\/p>\r\n      <h4>Dla kogo?<\/h4>\r\n      <p>Dla os\u00f3b, kt\u00f3re chc\u0105 skorzysta\u0107 z si\u0142y wsparcia grupowego i pracy w relacjach z innymi uczestnikami.<\/p>\r\n    <\/div>\r\n  <\/div>\r\n<\/div>\r\n\r\n<script>\r\nfunction openModal(id) {\r\n  const modal = document.getElementById(id);\r\n  modal.style.display = 'block';\r\n  setTimeout(() => modal.classList.add('show'), 10);\r\n}\r\n\r\nfunction closeModal(id) {\r\n  const modal = document.getElementById(id);\r\n  modal.classList.remove('show');\r\n  setTimeout(() => modal.style.display = 'none', 300);\r\n}\r\n\r\nwindow.onclick = function(event) {\r\n  document.querySelectorAll('.modal').forEach(modal => {\r\n    if (event.target === modal) {\r\n      closeModal(modal.id);\r\n    }\r\n  });\r\n};\r\n<\/script>\r\n\r\n<\/body>\r\n<\/html>\t\t\t\t<\/div>\n\t\t\t\t<\/div>\n\t\t\t\t\t<\/div>\n\t\t\t\t<\/div>\n\t\t\t\t<\/div>\n\t\t","protected":false},"excerpt":{"rendered":"<p>Modal Services Psychoterapia indywidualna Psychoterapia dzieci i m\u0142odzie\u017cy Terapia Par Terapia rodzinna Terapia zaj\u0119ciowa dla dzieci i m\u0142odzie\u017cy Specjalizacje tematyczne Terapia EMDR Psychoterapia grupowa &times; Psychoterapia indywidualna Opis us\u0142ugi Naszym celem jest dostarczenie przestrzeni do wyra\u017cenia swoich my\u015bli, uczu\u0107 i obaw. Nasi psychoterapeuci pracuj\u0105 z Tob\u0105 nad rozwi\u0105zywaniem problem\u00f3w i osi\u0105ganiem r\u00f3wnowagi emocjonalnej. Dla kogo? [&hellip;]<\/p>\n","protected":false},"author":1,"featured_media":0,"parent":0,"menu_order":0,"comment_status":"closed","ping_status":"closed","template":"","meta":{"_acf_changed":false,"footnotes":""},"class_list":["post-365","page","type-page","status-publish","hentry"],"acf":[],"yoast_head":"<!-- This site is optimized with the Yoast SEO plugin v27.2 - https:\/\/yoast.com\/product\/yoast-seo-wordpress\/ -->\n<title>Specjalizacje - Centrum Medyczne Wroc\u0142aw<\/title>\n<meta name=\"robots\" content=\"index, follow, max-snippet:-1, max-image-preview:large, max-video-preview:-1\" \/>\n<link rel=\"canonical\" href=\"https:\/\/centrum-medyczne.com\/?page_id=365\" \/>\n<meta property=\"og:locale\" content=\"pl_PL\" \/>\n<meta property=\"og:type\" content=\"article\" \/>\n<meta property=\"og:title\" content=\"Specjalizacje - Centrum Medyczne Wroc\u0142aw\" \/>\n<meta property=\"og:description\" content=\"Modal Services Psychoterapia indywidualna Psychoterapia dzieci i m\u0142odzie\u017cy Terapia Par Terapia rodzinna Terapia zaj\u0119ciowa dla dzieci i m\u0142odzie\u017cy Specjalizacje tematyczne Terapia EMDR Psychoterapia grupowa &times; Psychoterapia indywidualna Opis us\u0142ugi Naszym celem jest dostarczenie przestrzeni do wyra\u017cenia swoich my\u015bli, uczu\u0107 i obaw. Nasi psychoterapeuci pracuj\u0105 z Tob\u0105 nad rozwi\u0105zywaniem problem\u00f3w i osi\u0105ganiem r\u00f3wnowagi emocjonalnej. Dla kogo? [&hellip;]\" \/>\n<meta property=\"og:url\" content=\"https:\/\/centrum-medyczne.com\/?page_id=365\" \/>\n<meta property=\"og:site_name\" content=\"Centrum Medyczne Wroc\u0142aw\" \/>\n<meta property=\"article:modified_time\" content=\"2025-08-26T10:31:06+00:00\" \/>\n<meta property=\"og:image\" content=\"https:\/\/centrum-medyczne.com\/wp-content\/uploads\/2025\/08\/terapia-indywidualna.png\" \/>\n<meta name=\"twitter:card\" content=\"summary_large_image\" \/>\n<meta name=\"twitter:label1\" content=\"Szacowany czas czytania\" \/>\n\t<meta name=\"twitter:data1\" content=\"5 minut\" \/>\n<script type=\"application\/ld+json\" class=\"yoast-schema-graph\">{\"@context\":\"https:\/\/schema.org\",\"@graph\":[{\"@type\":\"WebPage\",\"@id\":\"https:\/\/centrum-medyczne.com\/?page_id=365\",\"url\":\"https:\/\/centrum-medyczne.com\/?page_id=365\",\"name\":\"Specjalizacje - Centrum Medyczne Wroc\u0142aw\",\"isPartOf\":{\"@id\":\"https:\/\/centrum-medyczne.com\/#website\"},\"primaryImageOfPage\":{\"@id\":\"https:\/\/centrum-medyczne.com\/?page_id=365#primaryimage\"},\"image\":{\"@id\":\"https:\/\/centrum-medyczne.com\/?page_id=365#primaryimage\"},\"thumbnailUrl\":\"https:\/\/centrum-medyczne.com\/wp-content\/uploads\/2025\/08\/terapia-indywidualna.png\",\"datePublished\":\"2025-08-25T20:29:54+00:00\",\"dateModified\":\"2025-08-26T10:31:06+00:00\",\"breadcrumb\":{\"@id\":\"https:\/\/centrum-medyczne.com\/?page_id=365#breadcrumb\"},\"inLanguage\":\"pl-PL\",\"potentialAction\":[{\"@type\":\"ReadAction\",\"target\":[\"https:\/\/centrum-medyczne.com\/?page_id=365\"]}]},{\"@type\":\"ImageObject\",\"inLanguage\":\"pl-PL\",\"@id\":\"https:\/\/centrum-medyczne.com\/?page_id=365#primaryimage\",\"url\":\"https:\/\/centrum-medyczne.com\/wp-content\/uploads\/2025\/08\/terapia-indywidualna.png\",\"contentUrl\":\"https:\/\/centrum-medyczne.com\/wp-content\/uploads\/2025\/08\/terapia-indywidualna.png\",\"width\":447,\"height\":303},{\"@type\":\"BreadcrumbList\",\"@id\":\"https:\/\/centrum-medyczne.com\/?page_id=365#breadcrumb\",\"itemListElement\":[{\"@type\":\"ListItem\",\"position\":1,\"name\":\"Home\",\"item\":\"https:\/\/centrum-medyczne.com\/\"},{\"@type\":\"ListItem\",\"position\":2,\"name\":\"Specjalizacje\"}]},{\"@type\":\"WebSite\",\"@id\":\"https:\/\/centrum-medyczne.com\/#website\",\"url\":\"https:\/\/centrum-medyczne.com\/\",\"name\":\"Centrum Medyczne Wroc\u0142aw\",\"description\":\"\",\"potentialAction\":[{\"@type\":\"SearchAction\",\"target\":{\"@type\":\"EntryPoint\",\"urlTemplate\":\"https:\/\/centrum-medyczne.com\/?s={search_term_string}\"},\"query-input\":{\"@type\":\"PropertyValueSpecification\",\"valueRequired\":true,\"valueName\":\"search_term_string\"}}],\"inLanguage\":\"pl-PL\"}]}<\/script>\n<!-- \/ Yoast SEO plugin. -->","yoast_head_json":{"title":"Specjalizacje - Centrum Medyczne Wroc\u0142aw","robots":{"index":"index","follow":"follow","max-snippet":"max-snippet:-1","max-image-preview":"max-image-preview:large","max-video-preview":"max-video-preview:-1"},"canonical":"https:\/\/centrum-medyczne.com\/?page_id=365","og_locale":"pl_PL","og_type":"article","og_title":"Specjalizacje - Centrum Medyczne Wroc\u0142aw","og_description":"Modal Services Psychoterapia indywidualna Psychoterapia dzieci i m\u0142odzie\u017cy Terapia Par Terapia rodzinna Terapia zaj\u0119ciowa dla dzieci i m\u0142odzie\u017cy Specjalizacje tematyczne Terapia EMDR Psychoterapia grupowa &times; Psychoterapia indywidualna Opis us\u0142ugi Naszym celem jest dostarczenie przestrzeni do wyra\u017cenia swoich my\u015bli, uczu\u0107 i obaw. Nasi psychoterapeuci pracuj\u0105 z Tob\u0105 nad rozwi\u0105zywaniem problem\u00f3w i osi\u0105ganiem r\u00f3wnowagi emocjonalnej. Dla kogo? [&hellip;]","og_url":"https:\/\/centrum-medyczne.com\/?page_id=365","og_site_name":"Centrum Medyczne Wroc\u0142aw","article_modified_time":"2025-08-26T10:31:06+00:00","og_image":[{"url":"https:\/\/centrum-medyczne.com\/wp-content\/uploads\/2025\/08\/terapia-indywidualna.png","type":"","width":"","height":""}],"twitter_card":"summary_large_image","twitter_misc":{"Szacowany czas czytania":"5 minut"},"schema":{"@context":"https:\/\/schema.org","@graph":[{"@type":"WebPage","@id":"https:\/\/centrum-medyczne.com\/?page_id=365","url":"https:\/\/centrum-medyczne.com\/?page_id=365","name":"Specjalizacje - Centrum Medyczne Wroc\u0142aw","isPartOf":{"@id":"https:\/\/centrum-medyczne.com\/#website"},"primaryImageOfPage":{"@id":"https:\/\/centrum-medyczne.com\/?page_id=365#primaryimage"},"image":{"@id":"https:\/\/centrum-medyczne.com\/?page_id=365#primaryimage"},"thumbnailUrl":"https:\/\/centrum-medyczne.com\/wp-content\/uploads\/2025\/08\/terapia-indywidualna.png","datePublished":"2025-08-25T20:29:54+00:00","dateModified":"2025-08-26T10:31:06+00:00","breadcrumb":{"@id":"https:\/\/centrum-medyczne.com\/?page_id=365#breadcrumb"},"inLanguage":"pl-PL","potentialAction":[{"@type":"ReadAction","target":["https:\/\/centrum-medyczne.com\/?page_id=365"]}]},{"@type":"ImageObject","inLanguage":"pl-PL","@id":"https:\/\/centrum-medyczne.com\/?page_id=365#primaryimage","url":"https:\/\/centrum-medyczne.com\/wp-content\/uploads\/2025\/08\/terapia-indywidualna.png","contentUrl":"https:\/\/centrum-medyczne.com\/wp-content\/uploads\/2025\/08\/terapia-indywidualna.png","width":447,"height":303},{"@type":"BreadcrumbList","@id":"https:\/\/centrum-medyczne.com\/?page_id=365#breadcrumb","itemListElement":[{"@type":"ListItem","position":1,"name":"Home","item":"https:\/\/centrum-medyczne.com\/"},{"@type":"ListItem","position":2,"name":"Specjalizacje"}]},{"@type":"WebSite","@id":"https:\/\/centrum-medyczne.com\/#website","url":"https:\/\/centrum-medyczne.com\/","name":"Centrum Medyczne Wroc\u0142aw","description":"","potentialAction":[{"@type":"SearchAction","target":{"@type":"EntryPoint","urlTemplate":"https:\/\/centrum-medyczne.com\/?s={search_term_string}"},"query-input":{"@type":"PropertyValueSpecification","valueRequired":true,"valueName":"search_term_string"}}],"inLanguage":"pl-PL"}]}},"_links":{"self":[{"href":"https:\/\/centrum-medyczne.com\/index.php?rest_route=\/wp\/v2\/pages\/365","targetHints":{"allow":["GET"]}}],"collection":[{"href":"https:\/\/centrum-medyczne.com\/index.php?rest_route=\/wp\/v2\/pages"}],"about":[{"href":"https:\/\/centrum-medyczne.com\/index.php?rest_route=\/wp\/v2\/types\/page"}],"author":[{"embeddable":true,"href":"https:\/\/centrum-medyczne.com\/index.php?rest_route=\/wp\/v2\/users\/1"}],"replies":[{"embeddable":true,"href":"https:\/\/centrum-medyczne.com\/index.php?rest_route=%2Fwp%2Fv2%2Fcomments&post=365"}],"version-history":[{"count":139,"href":"https:\/\/centrum-medyczne.com\/index.php?rest_route=\/wp\/v2\/pages\/365\/revisions"}],"predecessor-version":[{"id":588,"href":"https:\/\/centrum-medyczne.com\/index.php?rest_route=\/wp\/v2\/pages\/365\/revisions\/588"}],"wp:attachment":[{"href":"https:\/\/centrum-medyczne.com\/index.php?rest_route=%2Fwp%2Fv2%2Fmedia&parent=365"}],"curies":[{"name":"wp","href":"https:\/\/api.w.org\/{rel}","templated":true}]}}